{"id":9,"date":"2021-03-12T08:05:41","date_gmt":"2021-03-12T08:05:41","guid":{"rendered":"https:\/\/cocinapuerto.cl\/?page_id=9"},"modified":"2025-01-07T00:56:05","modified_gmt":"2025-01-07T00:56:05","slug":"historia","status":"publish","type":"page","link":"https:\/\/cocinapuerto.cl\/en\/historia\/","title":{"rendered":"Historia"},"content":{"rendered":"<div data-elementor-type=\"wp-page\" data-elementor-id=\"9\" class=\"elementor elementor-9\">\n\t\t\t\t\t\t<section class=\"elementor-section elementor-top-section elementor-element elementor-element-e86f1e2 elementor-section-height-min-height elementor-section-boxed elementor-section-height-default elementor-section-items-middle\" data-id=\"e86f1e2\" data-element_type=\"section\" data-settings=\"{&quot;background_background&quot;:&quot;classic&quot;}\">\n\t\t\t\t\t\t\t<div class=\"elementor-background-overlay\"><\/div>\n\t\t\t\t\t\t\t<div class=\"elementor-container elementor-column-gap-no\">\n\t\t\t\t\t<div class=\"elementor-column elementor-col-100 elementor-top-column elementor-element elementor-element-bd088d6\" data-id=\"bd088d6\" data-element_type=\"column\">\n\t\t\t<div class=\"elementor-widget-wrap elementor-element-populated\">\n\t\t\t\t\t\t<div class=\"elementor-element elementor-element-27aea6e elementor-widget elementor-widget-heading\" data-id=\"27aea6e\" data-element_type=\"widget\" data-widget_type=\"heading.default\">\n\t\t\t\t<div class=\"elementor-widget-container\">\n\t\t\t\t\t<h4 class=\"elementor-heading-title elementor-size-default\">OUR<\/h4>\t\t\t\t<\/div>\n\t\t\t\t<\/div>\n\t\t\t\t<div class=\"elementor-element elementor-element-9465b01 elementor-widget elementor-widget-heading\" data-id=\"9465b01\" data-element_type=\"widget\" data-widget_type=\"heading.default\">\n\t\t\t\t<div class=\"elementor-widget-container\">\n\t\t\t\t\t<h1 class=\"elementor-heading-title elementor-size-default\">Historia<\/h1>\t\t\t\t<\/div>\n\t\t\t\t<\/div>\n\t\t\t\t<div class=\"elementor-element elementor-element-c32c3ee elementor-widget-divider--view-line elementor-widget elementor-widget-divider\" data-id=\"c32c3ee\" data-element_type=\"widget\" data-widget_type=\"divider.default\">\n\t\t\t\t<div class=\"elementor-widget-container\">\n\t\t\t\t\t\t\t<div class=\"elementor-divider\">\n\t\t\t<span class=\"elementor-divider-separator\">\n\t\t\t\t\t\t<\/span>\n\t\t<\/div>\n\t\t\t\t\t\t<\/div>\n\t\t\t\t<\/div>\n\t\t\t\t\t<\/div>\n\t\t<\/div>\n\t\t\t\t\t<\/div>\n\t\t<\/section>\n\t\t\t\t<section class=\"elementor-section elementor-top-section elementor-element elementor-element-f7df532 elementor-section-boxed elementor-section-height-default elementor-section-height-default\" data-id=\"f7df532\" data-element_type=\"section\" data-settings=\"{&quot;background_background&quot;:&quot;classic&quot;}\">\n\t\t\t\t\t\t\t<div class=\"elementor-background-overlay\"><\/div>\n\t\t\t\t\t\t\t<div class=\"elementor-container elementor-column-gap-no\">\n\t\t\t\t\t<div class=\"elementor-column elementor-col-100 elementor-top-column elementor-element elementor-element-4bb2133\" data-id=\"4bb2133\" data-element_type=\"column\">\n\t\t\t<div class=\"elementor-widget-wrap elementor-element-populated\">\n\t\t\t\t\t\t<div class=\"elementor-element elementor-element-b717c01 elementor-widget elementor-widget-heading\" data-id=\"b717c01\" data-element_type=\"widget\" data-widget_type=\"heading.default\">\n\t\t\t\t<div class=\"elementor-widget-container\">\n\t\t\t\t\t<h6 class=\"elementor-heading-title elementor-size-default\">SINCE 2010<\/h6>\t\t\t\t<\/div>\n\t\t\t\t<\/div>\n\t\t\t\t<div class=\"elementor-element elementor-element-09210be elementor-widget elementor-widget-heading\" data-id=\"09210be\" data-element_type=\"widget\" data-widget_type=\"heading.default\">\n\t\t\t\t<div class=\"elementor-widget-container\">\n\t\t\t\t\t<h2 class=\"elementor-heading-title elementor-size-default\">M\u00e1s de 10 a\u00f1os de servicio<\/h2>\t\t\t\t<\/div>\n\t\t\t\t<\/div>\n\t\t\t\t<div class=\"elementor-element elementor-element-a7fe743 elementor-widget-divider--view-line elementor-widget elementor-widget-divider\" data-id=\"a7fe743\" data-element_type=\"widget\" data-widget_type=\"divider.default\">\n\t\t\t\t<div class=\"elementor-widget-container\">\n\t\t\t\t\t\t\t<div class=\"elementor-divider\">\n\t\t\t<span class=\"elementor-divider-separator\">\n\t\t\t\t\t\t<\/span>\n\t\t<\/div>\n\t\t\t\t\t\t<\/div>\n\t\t\t\t<\/div>\n\t\t\t\t<div class=\"elementor-element elementor-element-7e03e0d elementor-widget elementor-widget-text-editor\" data-id=\"7e03e0d\" data-element_type=\"widget\" data-widget_type=\"text-editor.default\">\n\t\t\t\t<div class=\"elementor-widget-container\">\n\t\t\t\t\t\t\t\t\t<p>Cocina puerto se encuentra catalogado como uno de los mejores restaurantes de Valpara\u00edso y esto es debido a la excelente calidad de su cocina. Destacando por ser un lugar de encuentro en uno de los cerros mas tur\u00edsticos de la zona, siendo uno de los pocos que conservan la gastronom\u00eda chilena.<\/p>\t\t\t\t\t\t\t\t<\/div>\n\t\t\t\t<\/div>\n\t\t\t\t\t<\/div>\n\t\t<\/div>\n\t\t\t\t\t<\/div>\n\t\t<\/section>\n\t\t\t\t<section class=\"elementor-section elementor-top-section elementor-element elementor-element-e85c358 elementor-section-full_width elementor-section-height-default elementor-section-height-default\" data-id=\"e85c358\" data-element_type=\"section\" data-settings=\"{&quot;background_background&quot;:&quot;classic&quot;}\">\n\t\t\t\t\t\t<div class=\"elementor-container elementor-column-gap-no\">\n\t\t\t\t\t<div class=\"elementor-column elementor-col-100 elementor-top-column elementor-element elementor-element-42df0c1\" data-id=\"42df0c1\" data-element_type=\"column\">\n\t\t\t<div class=\"elementor-widget-wrap elementor-element-populated\">\n\t\t\t\t\t\t<section class=\"elementor-section elementor-inner-section elementor-element elementor-element-98c1a66 elementor-section-full_width elementor-section-height-default elementor-section-height-default\" data-id=\"98c1a66\" data-element_type=\"section\">\n\t\t\t\t\t\t<div class=\"elementor-container elementor-column-gap-no\">\n\t\t\t\t\t<div class=\"elementor-column elementor-col-50 elementor-inner-column elementor-element elementor-element-40d8e53\" data-id=\"40d8e53\" data-element_type=\"column\" data-settings=\"{&quot;background_background&quot;:&quot;classic&quot;}\">\n\t\t\t<div class=\"elementor-widget-wrap elementor-element-populated\">\n\t\t\t\t\t\t<div class=\"elementor-element elementor-element-ff5c484 elementor-widget elementor-widget-image\" data-id=\"ff5c484\" data-element_type=\"widget\" data-widget_type=\"image.default\">\n\t\t\t\t<div class=\"elementor-widget-container\">\n\t\t\t\t\t\t\t\t\t\t\t\t\t\t\t\t<a href=\"https:\/\/cocinapuerto.cl\/wp-content\/uploads\/2022\/09\/Salmon-ensaladas.jpg\" data-elementor-open-lightbox=\"yes\" data-elementor-lightbox-title=\"Salmon ensaladas\" data-e-action-hash=\"#elementor-action%3Aaction%3Dlightbox%26settings%3DeyJpZCI6MTI5OCwidXJsIjoiaHR0cHM6XC9cL2NvY2luYXB1ZXJ0by5jbFwvd3AtY29udGVudFwvdXBsb2Fkc1wvMjAyMlwvMDlcL1NhbG1vbi1lbnNhbGFkYXMuanBnIn0%3D\">\n\t\t\t\t\t\t\t<img fetchpriority=\"high\" decoding=\"async\" width=\"1366\" height=\"1050\" src=\"https:\/\/cocinapuerto.cl\/wp-content\/uploads\/2022\/09\/Salmon-ensaladas.jpg\" class=\"attachment-full size-full wp-image-1298\" alt=\"\" srcset=\"https:\/\/cocinapuerto.cl\/wp-content\/uploads\/2022\/09\/Salmon-ensaladas.jpg 1366w, https:\/\/cocinapuerto.cl\/wp-content\/uploads\/2022\/09\/Salmon-ensaladas-300x231.jpg 300w, https:\/\/cocinapuerto.cl\/wp-content\/uploads\/2022\/09\/Salmon-ensaladas-1024x787.jpg 1024w, https:\/\/cocinapuerto.cl\/wp-content\/uploads\/2022\/09\/Salmon-ensaladas-768x590.jpg 768w\" sizes=\"(max-width: 1366px) 100vw, 1366px\" \/>\t\t\t\t\t\t\t\t<\/a>\n\t\t\t\t\t\t\t\t\t\t\t\t\t\t\t<\/div>\n\t\t\t\t<\/div>\n\t\t\t\t\t<\/div>\n\t\t<\/div>\n\t\t\t\t<div class=\"elementor-column elementor-col-25 elementor-inner-column elementor-element elementor-element-1fd41f4\" data-id=\"1fd41f4\" data-element_type=\"column\" data-settings=\"{&quot;background_background&quot;:&quot;classic&quot;}\">\n\t\t\t<div class=\"elementor-widget-wrap elementor-element-populated\">\n\t\t\t\t\t\t<div class=\"elementor-element elementor-element-6947bd1 elementor-widget-divider--view-line elementor-widget elementor-widget-divider\" data-id=\"6947bd1\" data-element_type=\"widget\" data-widget_type=\"divider.default\">\n\t\t\t\t<div class=\"elementor-widget-container\">\n\t\t\t\t\t\t\t<div class=\"elementor-divider\">\n\t\t\t<span class=\"elementor-divider-separator\">\n\t\t\t\t\t\t<\/span>\n\t\t<\/div>\n\t\t\t\t\t\t<\/div>\n\t\t\t\t<\/div>\n\t\t\t\t<div class=\"elementor-element elementor-element-ffa6591 elementor-widget elementor-widget-heading\" data-id=\"ffa6591\" data-element_type=\"widget\" data-widget_type=\"heading.default\">\n\t\t\t\t<div class=\"elementor-widget-container\">\n\t\t\t\t\t<h2 class=\"elementor-heading-title elementor-size-default\">Galer\u00eda de fotos<\/h2>\t\t\t\t<\/div>\n\t\t\t\t<\/div>\n\t\t\t\t<div class=\"elementor-element elementor-element-5fbfad9 elementor-view-framed elementor-shape-circle elementor-widget elementor-widget-icon\" data-id=\"5fbfad9\" data-element_type=\"widget\" data-widget_type=\"icon.default\">\n\t\t\t\t<div class=\"elementor-widget-container\">\n\t\t\t\t\t\t\t<div class=\"elementor-icon-wrapper\">\n\t\t\t<a class=\"elementor-icon elementor-animation-grow\" href=\"https:\/\/www.instagram.com\/cocinapuerto\/\" target=\"_blank\">\n\t\t\t<i aria-hidden=\"true\" class=\"fas fa-angle-right\"><\/i>\t\t\t<\/a>\n\t\t<\/div>\n\t\t\t\t\t\t<\/div>\n\t\t\t\t<\/div>\n\t\t\t\t\t<\/div>\n\t\t<\/div>\n\t\t\t\t<div class=\"elementor-column elementor-col-25 elementor-inner-column elementor-element elementor-element-2edc751 elementor-hidden-phone\" data-id=\"2edc751\" data-element_type=\"column\" data-settings=\"{&quot;background_background&quot;:&quot;classic&quot;}\">\n\t\t\t<div class=\"elementor-widget-wrap elementor-element-populated\">\n\t\t\t\t\t\t<div class=\"elementor-element elementor-element-391cb09 elementor-widget elementor-widget-image\" data-id=\"391cb09\" data-element_type=\"widget\" data-widget_type=\"image.default\">\n\t\t\t\t<div class=\"elementor-widget-container\">\n\t\t\t\t\t\t\t\t\t\t\t\t\t\t\t\t<a href=\"https:\/\/cocinapuerto.cl\/wp-content\/uploads\/2022\/09\/IMG_4868.jpg\" data-elementor-open-lightbox=\"yes\" data-elementor-lightbox-title=\"Sopaipillas pasadas\" data-e-action-hash=\"#elementor-action%3Aaction%3Dlightbox%26settings%3DeyJpZCI6MTI5NSwidXJsIjoiaHR0cHM6XC9cL2NvY2luYXB1ZXJ0by5jbFwvd3AtY29udGVudFwvdXBsb2Fkc1wvMjAyMlwvMDlcL0lNR180ODY4LmpwZyJ9\">\n\t\t\t\t\t\t\t<img decoding=\"async\" width=\"1354\" height=\"2048\" src=\"https:\/\/cocinapuerto.cl\/wp-content\/uploads\/2022\/09\/IMG_4868.jpg\" class=\"attachment-full size-full wp-image-1295\" alt=\"\" srcset=\"https:\/\/cocinapuerto.cl\/wp-content\/uploads\/2022\/09\/IMG_4868.jpg 1354w, https:\/\/cocinapuerto.cl\/wp-content\/uploads\/2022\/09\/IMG_4868-198x300.jpg 198w, https:\/\/cocinapuerto.cl\/wp-content\/uploads\/2022\/09\/IMG_4868-677x1024.jpg 677w, https:\/\/cocinapuerto.cl\/wp-content\/uploads\/2022\/09\/IMG_4868-768x1162.jpg 768w, https:\/\/cocinapuerto.cl\/wp-content\/uploads\/2022\/09\/IMG_4868-1016x1536.jpg 1016w\" sizes=\"(max-width: 1354px) 100vw, 1354px\" \/>\t\t\t\t\t\t\t\t<\/a>\n\t\t\t\t\t\t\t\t\t\t\t\t\t\t\t<\/div>\n\t\t\t\t<\/div>\n\t\t\t\t\t<\/div>\n\t\t<\/div>\n\t\t\t\t\t<\/div>\n\t\t<\/section>\n\t\t\t\t<section class=\"elementor-section elementor-inner-section elementor-element elementor-element-d431818 elementor-section-full_width elementor-section-height-default elementor-section-height-default\" data-id=\"d431818\" data-element_type=\"section\">\n\t\t\t\t\t\t<div class=\"elementor-container elementor-column-gap-no\">\n\t\t\t\t\t<div class=\"elementor-column elementor-col-50 elementor-inner-column elementor-element elementor-element-19e6c5e\" data-id=\"19e6c5e\" data-element_type=\"column\">\n\t\t\t<div class=\"elementor-widget-wrap elementor-element-populated\">\n\t\t\t\t\t\t<div class=\"elementor-element elementor-element-7de4176 elementor-widget elementor-widget-image\" data-id=\"7de4176\" data-element_type=\"widget\" data-widget_type=\"image.default\">\n\t\t\t\t<div class=\"elementor-widget-container\">\n\t\t\t\t\t\t\t\t\t\t\t\t\t\t\t\t<a href=\"https:\/\/cocinapuerto.cl\/wp-content\/uploads\/2022\/09\/1662140790017-scaled.jpg\" data-elementor-open-lightbox=\"yes\" data-elementor-lightbox-title=\"Cocina puerto\" data-e-action-hash=\"#elementor-action%3Aaction%3Dlightbox%26settings%3DeyJpZCI6MTIzNywidXJsIjoiaHR0cHM6XC9cL2NvY2luYXB1ZXJ0by5jbFwvd3AtY29udGVudFwvdXBsb2Fkc1wvMjAyMlwvMDlcLzE2NjIxNDA3OTAwMTctc2NhbGVkLmpwZyJ9\">\n\t\t\t\t\t\t\t<img decoding=\"async\" width=\"2560\" height=\"1439\" src=\"https:\/\/cocinapuerto.cl\/wp-content\/uploads\/2022\/09\/1662140790017-scaled.jpg\" class=\"attachment-full size-full wp-image-1237\" alt=\"restaurante familiar\" srcset=\"https:\/\/cocinapuerto.cl\/wp-content\/uploads\/2022\/09\/1662140790017-scaled.jpg 2560w, https:\/\/cocinapuerto.cl\/wp-content\/uploads\/2022\/09\/1662140790017-300x169.jpg 300w, https:\/\/cocinapuerto.cl\/wp-content\/uploads\/2022\/09\/1662140790017-1024x576.jpg 1024w, https:\/\/cocinapuerto.cl\/wp-content\/uploads\/2022\/09\/1662140790017-768x432.jpg 768w, https:\/\/cocinapuerto.cl\/wp-content\/uploads\/2022\/09\/1662140790017-1536x864.jpg 1536w, https:\/\/cocinapuerto.cl\/wp-content\/uploads\/2022\/09\/1662140790017-2048x1152.jpg 2048w\" sizes=\"(max-width: 2560px) 100vw, 2560px\" \/>\t\t\t\t\t\t\t\t<\/a>\n\t\t\t\t\t\t\t\t\t\t\t\t\t\t\t<\/div>\n\t\t\t\t<\/div>\n\t\t\t\t\t<\/div>\n\t\t<\/div>\n\t\t\t\t<div class=\"elementor-column elementor-col-25 elementor-inner-column elementor-element elementor-element-7993703 elementor-hidden-tablet elementor-hidden-phone\" data-id=\"7993703\" data-element_type=\"column\">\n\t\t\t<div class=\"elementor-widget-wrap elementor-element-populated\">\n\t\t\t\t\t\t<div class=\"elementor-element elementor-element-cd79f19 elementor-widget elementor-widget-image\" data-id=\"cd79f19\" data-element_type=\"widget\" data-widget_type=\"image.default\">\n\t\t\t\t<div class=\"elementor-widget-container\">\n\t\t\t\t\t\t\t\t\t\t\t\t\t\t\t\t<a href=\"https:\/\/cocinapuerto.cl\/wp-content\/uploads\/2022\/09\/Machitun-de-chocolate.jpg\" data-elementor-open-lightbox=\"yes\" data-elementor-lightbox-title=\"Machitun de chocolate\" data-e-action-hash=\"#elementor-action%3Aaction%3Dlightbox%26settings%3DeyJpZCI6MTI5OSwidXJsIjoiaHR0cHM6XC9cL2NvY2luYXB1ZXJ0by5jbFwvd3AtY29udGVudFwvdXBsb2Fkc1wvMjAyMlwvMDlcL01hY2hpdHVuLWRlLWNob2NvbGF0ZS5qcGcifQ%3D%3D\">\n\t\t\t\t\t\t\t<img loading=\"lazy\" decoding=\"async\" width=\"900\" height=\"1000\" src=\"https:\/\/cocinapuerto.cl\/wp-content\/uploads\/2022\/09\/Machitun-de-chocolate.jpg\" class=\"attachment-full size-full wp-image-1299\" alt=\"Cocina puerto\" srcset=\"https:\/\/cocinapuerto.cl\/wp-content\/uploads\/2022\/09\/Machitun-de-chocolate.jpg 900w, https:\/\/cocinapuerto.cl\/wp-content\/uploads\/2022\/09\/Machitun-de-chocolate-270x300.jpg 270w, https:\/\/cocinapuerto.cl\/wp-content\/uploads\/2022\/09\/Machitun-de-chocolate-768x853.jpg 768w\" sizes=\"(max-width: 900px) 100vw, 900px\" \/>\t\t\t\t\t\t\t\t<\/a>\n\t\t\t\t\t\t\t\t\t\t\t\t\t\t\t<\/div>\n\t\t\t\t<\/div>\n\t\t\t\t\t<\/div>\n\t\t<\/div>\n\t\t\t\t<div class=\"elementor-column elementor-col-25 elementor-inner-column elementor-element elementor-element-9bd71a5 elementor-hidden-tablet elementor-hidden-phone\" data-id=\"9bd71a5\" data-element_type=\"column\">\n\t\t\t<div class=\"elementor-widget-wrap elementor-element-populated\">\n\t\t\t\t\t\t<div class=\"elementor-element elementor-element-bd2a99d elementor-widget elementor-widget-image\" data-id=\"bd2a99d\" data-element_type=\"widget\" data-widget_type=\"image.default\">\n\t\t\t\t<div class=\"elementor-widget-container\">\n\t\t\t\t\t\t\t\t\t\t\t\t\t\t\t\t<a href=\"https:\/\/cocinapuerto.cl\/wp-content\/uploads\/2022\/09\/Cocina-puerto.jpg\" data-elementor-open-lightbox=\"yes\" data-elementor-lightbox-title=\"Cocina puerto\" data-e-action-hash=\"#elementor-action%3Aaction%3Dlightbox%26settings%3DeyJpZCI6MTMwMCwidXJsIjoiaHR0cHM6XC9cL2NvY2luYXB1ZXJ0by5jbFwvd3AtY29udGVudFwvdXBsb2Fkc1wvMjAyMlwvMDlcL0NvY2luYS1wdWVydG8uanBnIn0%3D\">\n\t\t\t\t\t\t\t<img loading=\"lazy\" decoding=\"async\" width=\"900\" height=\"1000\" src=\"https:\/\/cocinapuerto.cl\/wp-content\/uploads\/2022\/09\/Cocina-puerto.jpg\" class=\"attachment-full size-full wp-image-1300\" alt=\"restaurante t\u00edpico\" srcset=\"https:\/\/cocinapuerto.cl\/wp-content\/uploads\/2022\/09\/Cocina-puerto.jpg 900w, https:\/\/cocinapuerto.cl\/wp-content\/uploads\/2022\/09\/Cocina-puerto-270x300.jpg 270w, https:\/\/cocinapuerto.cl\/wp-content\/uploads\/2022\/09\/Cocina-puerto-768x853.jpg 768w\" sizes=\"(max-width: 900px) 100vw, 900px\" \/>\t\t\t\t\t\t\t\t<\/a>\n\t\t\t\t\t\t\t\t\t\t\t\t\t\t\t<\/div>\n\t\t\t\t<\/div>\n\t\t\t\t\t<\/div>\n\t\t<\/div>\n\t\t\t\t\t<\/div>\n\t\t<\/section>\n\t\t\t\t\t<\/div>\n\t\t<\/div>\n\t\t\t\t\t<\/div>\n\t\t<\/section>\n\t\t\t\t<section class=\"elementor-section elementor-top-section elementor-element elementor-element-eca5a42 elementor-section-boxed elementor-section-height-default elementor-section-height-default\" data-id=\"eca5a42\" data-element_type=\"section\" data-settings=\"{&quot;background_background&quot;:&quot;classic&quot;}\">\n\t\t\t\t\t\t\t<div class=\"elementor-background-overlay\"><\/div>\n\t\t\t\t\t\t\t<div class=\"elementor-container elementor-column-gap-no\">\n\t\t\t\t\t<div class=\"elementor-column elementor-col-100 elementor-top-column elementor-element elementor-element-e513058\" data-id=\"e513058\" data-element_type=\"column\">\n\t\t\t<div class=\"elementor-widget-wrap elementor-element-populated\">\n\t\t\t\t\t\t<div class=\"elementor-element elementor-element-c353cb9 elementor-widget-divider--view-line elementor-widget elementor-widget-divider\" data-id=\"c353cb9\" data-element_type=\"widget\" data-widget_type=\"divider.default\">\n\t\t\t\t<div class=\"elementor-widget-container\">\n\t\t\t\t\t\t\t<div class=\"elementor-divider\">\n\t\t\t<span class=\"elementor-divider-separator\">\n\t\t\t\t\t\t<\/span>\n\t\t<\/div>\n\t\t\t\t\t\t<\/div>\n\t\t\t\t<\/div>\n\t\t\t\t<div class=\"elementor-element elementor-element-394aea3 elementor-widget elementor-widget-heading\" data-id=\"394aea3\" data-element_type=\"widget\" data-widget_type=\"heading.default\">\n\t\t\t\t<div class=\"elementor-widget-container\">\n\t\t\t\t\t<h2 class=\"elementor-heading-title elementor-size-default\">Organiza un evento o\nreservar una mesa\u200b<\/h2>\t\t\t\t<\/div>\n\t\t\t\t<\/div>\n\t\t\t\t<div class=\"elementor-element elementor-element-dd69f24 elementor-widget elementor-widget-heading\" data-id=\"dd69f24\" data-element_type=\"widget\" data-widget_type=\"heading.default\">\n\t\t\t\t<div class=\"elementor-widget-container\">\n\t\t\t\t\t<h5 class=\"elementor-heading-title elementor-size-default\">Ya sea que est\u00e9 buscando un excelente lugar para disfrutar de una buena cena o si desea celebrar un evento, somos el lugar perfecto.\u200b<\/h5>\t\t\t\t<\/div>\n\t\t\t\t<\/div>\n\t\t\t\t<div class=\"elementor-element elementor-element-ce134ba elementor-widget__width-auto elementor-align-right elementor-widget elementor-widget-button\" data-id=\"ce134ba\" data-element_type=\"widget\" data-widget_type=\"button.default\">\n\t\t\t\t<div class=\"elementor-widget-container\">\n\t\t\t\t\t\t\t\t\t<div class=\"elementor-button-wrapper\">\n\t\t\t\t\t<a class=\"elementor-button elementor-button-link elementor-size-sm\" href=\"https:\/\/cocinapuerto.cl\/en\/reserva\/\">\n\t\t\t\t\t\t<span class=\"elementor-button-content-wrapper\">\n\t\t\t\t\t\t\t\t\t<span class=\"elementor-button-text\">Reserva una mesa<\/span>\n\t\t\t\t\t<\/span>\n\t\t\t\t\t<\/a>\n\t\t\t\t<\/div>\n\t\t\t\t\t\t\t\t<\/div>\n\t\t\t\t<\/div>\n\t\t\t\t\t<\/div>\n\t\t<\/div>\n\t\t\t\t\t<\/div>\n\t\t<\/section>\n\t\t\t\t<\/div>","protected":false},"excerpt":{"rendered":"<p>Nuestra Historia Desde 2010 M\u00e1s de 10 a\u00f1os de servicio Cocina puerto se encuentra catalogado como uno de los mejores restaurantes de Valpara\u00edso y esto es debido a la excelente calidad de su cocina. Destacando por ser un lugar de encuentro en uno de los cerros mas tur\u00edsticos de la zona, siendo uno de los [&hellip;]<\/p>","protected":false},"author":1,"featured_media":0,"parent":0,"menu_order":0,"comment_status":"closed","ping_status":"closed","template":"","meta":{"site-sidebar-layout":"no-sidebar","site-content-layout":"page-builder","ast-site-content-layout":"default","site-content-style":"default","site-sidebar-style":"default","ast-global-header-display":"","ast-banner-title-visibility":"","ast-main-header-display":"","ast-hfb-above-header-display":"","ast-hfb-below-header-display":"","ast-hfb-mobile-header-display":"","site-post-title":"disabled","ast-breadcrumbs-content":"disabled","ast-featured-img":"disabled","footer-sml-layout":"","ast-disable-related-posts":"","theme-transparent-header-meta":"enabled","adv-header-id-meta":"","stick-header-meta":"","header-above-stick-meta":"","header-main-stick-meta":"","header-below-stick-meta":"","astra-migrate-meta-layouts":"default","ast-page-background-enabled":"default","ast-page-background-meta":{"desktop":{"background-color":"","background-image":"","background-repeat":"repeat","background-position":"center center","background-size":"auto","background-attachment":"scroll","background-type":"","background-media":"","overlay-type":"","overlay-color":"","overlay-opacity":"","overlay-gradient":""},"tablet":{"background-color":"","background-image":"","background-repeat":"repeat","background-position":"center center","background-size":"auto","background-attachment":"scroll","background-type":"","background-media":"","overlay-type":"","overlay-color":"","overlay-opacity":"","overlay-gradient":""},"mobile":{"background-color":"","background-image":"","background-repeat":"repeat","background-position":"center center","background-size":"auto","background-attachment":"scroll","background-type":"","background-media":"","overlay-type":"","overlay-color":"","overlay-opacity":"","overlay-gradient":""}},"ast-content-background-meta":{"desktop":{"background-color":"var(--ast-global-color-5)","background-image":"","background-repeat":"repeat","background-position":"center center","background-size":"auto","background-attachment":"scroll","background-type":"","background-media":"","overlay-type":"","overlay-color":"","overlay-opacity":"","overlay-gradient":""},"tablet":{"background-color":"var(--ast-global-color-5)","background-image":"","background-repeat":"repeat","background-position":"center center","background-size":"auto","background-attachment":"scroll","background-type":"","background-media":"","overlay-type":"","overlay-color":"","overlay-opacity":"","overlay-gradient":""},"mobile":{"background-color":"var(--ast-global-color-5)","background-image":"","background-repeat":"repeat","background-position":"center center","background-size":"auto","background-attachment":"scroll","background-type":"","background-media":"","overlay-type":"","overlay-color":"","overlay-opacity":"","overlay-gradient":""}},"footnotes":""},"class_list":["post-9","page","type-page","status-publish","hentry"],"_links":{"self":[{"href":"https:\/\/cocinapuerto.cl\/en\/wp-json\/wp\/v2\/pages\/9","targetHints":{"allow":["GET"]}}],"collection":[{"href":"https:\/\/cocinapuerto.cl\/en\/wp-json\/wp\/v2\/pages"}],"about":[{"href":"https:\/\/cocinapuerto.cl\/en\/wp-json\/wp\/v2\/types\/page"}],"author":[{"embeddable":true,"href":"https:\/\/cocinapuerto.cl\/en\/wp-json\/wp\/v2\/users\/1"}],"replies":[{"embeddable":true,"href":"https:\/\/cocinapuerto.cl\/en\/wp-json\/wp\/v2\/comments?post=9"}],"version-history":[{"count":38,"href":"https:\/\/cocinapuerto.cl\/en\/wp-json\/wp\/v2\/pages\/9\/revisions"}],"predecessor-version":[{"id":2926,"href":"https:\/\/cocinapuerto.cl\/en\/wp-json\/wp\/v2\/pages\/9\/revisions\/2926"}],"wp:attachment":[{"href":"https:\/\/cocinapuerto.cl\/en\/wp-json\/wp\/v2\/media?parent=9"}],"curies":[{"name":"wp","href":"https:\/\/api.w.org\/{rel}","templated":true}]}}